{"id":32,"date":"2025-12-25T19:28:35","date_gmt":"2025-12-25T19:28:35","guid":{"rendered":"https:\/\/borjlella.com\/TN\/home\/"},"modified":"2026-01-18T12:10:04","modified_gmt":"2026-01-18T12:10:04","slug":"home","status":"publish","type":"page","link":"https:\/\/borjlella.com\/TN\/","title":{"rendered":"Borj Lella"},"content":{"rendered":"\n\n\n\n<p>Lorem Ipsum has been the industry&rsquo;s standard dummy text ever since the 1500s.<\/p>\n\n\n<p>Lorem Ipsum has been the industry&rsquo;s standard dummy text ever since the 1500s.<\/p>\n\n\n<p>Lorem Ipsum has been the industry&rsquo;s standard dummy text ever since the 1500s.<\/p>\n\n\n\n\n<p>Lorem Ipsum has been the industry&rsquo;s standard dummy text ever since the 1500s.<\/p>\n\n\n<p>Lorem Ipsum has been the industry&rsquo;s standard dummy text ever since the 1500s.<\/p>\n\n\n<p>Lorem Ipsum has been the industry&rsquo;s standard dummy text ever since the 1500s.<\/p>\n\n\n<h2>Un peu d&rsquo;histoire<\/h2>\n\n<h1><p style=\"color: rgb(0, 0, 0); font-family: &quot;Segoe UI&quot;; font-size: 14px; line-height: 20px;\"><strong>De la Terre \u00e0&nbsp;<\/strong>la <br>valorisation du Terroir<\/p><\/h1>\n<h2><p style=\"color: rgb(0, 0, 0); font-weight: 400; font-family: &quot;Segoe UI&quot;; font-size: 14px; line-height: 20px;\">Comme le raconte l\u2019historien Sghayer Ben Youssef, l\u2019histoire des Ben Youssef est intimement li\u00e9e \u00e0 la terre et au patrimoine rural de la r\u00e9gion. Ils ont fa\u00e7onn\u00e9 leur savoir\u2011faire en cultivant un rapport profond avec la nature et leur environnement. <\/p><\/h2>\n<h2><p style=\"color: rgb(0, 0, 0); font-family: &quot;Segoe UI&quot;; font-size: 14px; line-height: 20px;\">Au d\u00e9but du XX\u1d49 si\u00e8cle, cette aventure prend un tournant d\u00e9cisif avec l\u2019introduction et l\u2019\u00e9levage des brebis <strong style=\"font-weight: 400;\">sicilo\u2011sardes<\/strong>, une race reconnue pour sa remarquable adaptation au climat du nord de la Tunisie et pour la qualit\u00e9 exceptionnelle de son lait. Port\u00e9s par la volont\u00e9 de valoriser ces richesses uniques, la famille donne naissance au projet Borj Lella, un hommage vivant \u00e0 l&rsquo;h\u00e9ritage de la matriarche familiale, Lella Fattouma.<\/p><\/h2>\n<h2><p style=\"color: rgb(0, 0, 0); font-family: &quot;Segoe UI&quot;; font-size: 14px; line-height: 20px;\">Une continuit\u00e9 naturelle entre m\u00e9moire, terre et passion.<\/p><\/h2>\n<p style=\"font-size: x-small;\">&nbsp;<\/p>\n\n\n\n\nCe que nous offrons\n\n\n\n<p style=\"font-size: large;\">Notre table d\u2019h\u00f4te vous offre une exp\u00e9rience gourmande ancr\u00e9e dans le terroir, o\u00f9 vous d\u00e9gustez nos plats traditionnels et produits issus de notre domaine.<\/p>\n\n\n<p style=\"font-size: large;\">Notre domaine peut \u00eatre privatis\u00e9 pour vos \u00e9v\u00e9nements, s\u00e9minaires ou c\u00e9l\u00e9brations, dans un cadre naturel chaleureux et propice au partage.<\/p>\n\n\n\n<p style=\"font-size: large;\">Nous fabriquons nos meilleurs fromages authentiques et raffin\u00e9s, selon un savoir\u2011faire familial pr\u00e9serv\u00e9. Venez les gouter, du plus frais, au plus affin\u00e9.&nbsp;<\/p>\n\n\n<p style=\"font-size: large;\">Notre domaine r\u00e9v\u00e8le aussi une collection de produits d\u2019exception : huiles d&rsquo;olive, fruits et l\u00e9gumes, confitures et sp\u00e9cialit\u00e9s artisanales .&nbsp;<\/p>\n\n\n\n\n\n\n\n\n<h2>Notre Table d\u2019H\u00f4te<\/h2>\n\nExperience du Terroir <br>et Moments Partag\u00e9s&nbsp;\n<h2><p style=\"color: rgb(0, 0, 0); font-weight: 400; font-family: &quot;Segoe UI&quot;; font-size: 14px; line-height: 20px;\">Au c\u0153ur de notre ferme, notre table d\u2019h\u00f4te vous invite \u00e0 savourer les produits locaux que nous cultivons et transformons avec passion. Venez go\u00fbter nos fromages, et d\u00e9couvrez nos plats phares, <strong>Borzg\u00e8ne<\/strong> et <strong>Ftet<\/strong>, v\u00e9ritables embl\u00e8mes culinaires de la r\u00e9gion de B\u00e9ja. Servis dans une atmosph\u00e8re conviviale, ces plats se d\u00e9gustent en famille ou entre amis, en profitant pleinement de la journ\u00e9e, hiver comme \u00e9t\u00e9.<\/p><\/h2>\n<h2><p style=\"line-height: 20px;\">L\u2019exp\u00e9rience se poursuit au-del\u00e0 de l\u2019assiette : visite de la fromagerie, sentier de randonn\u00e9e avec pr\u00e8s de 300 m\u00e8tres de d\u00e9nivel\u00e9 pour environ une heure de marche, balades \u00e0 cheval et moments complices \u00e0 taquiner nos \u00e2nes \u2014 autant d\u2019activit\u00e9s qui rendent votre passage inoubliable.<\/p><\/h2>\n<p style=\"font-size: small;\">&nbsp;<\/p>\n<h2><p\u00a0style=\"color: rgb(0,=\"\" 0,=\"\" 0);=\"\" font-weight:=\"\" 400;=\"\" font-family:=\"\" &quot;segoe=\"\" ui&quot;;=\"\" font-size:=\"\" 14px;=\"\" line-height:=\"\" 20px;\"=\"\"> <\/p\u00a0style=\"color:><\/h2>\n\n\n\n\n\n<p>Lorem Ipsum has been the industry&rsquo;s standard dummy text ever since the 1500s.<\/p>\n\n\n\n\n<p>Lorem Ipsum has been the industry&rsquo;s standard dummy text ever since the 1500s.<\/p>\n\n<ul><li>Votre Caf\u00e9 favori \/ Lait chaud<\/li><li>Pain de compagne maison<\/li><li>Ricotta fraiche&nbsp;de notre production<\/li><li>Yaghourt&nbsp;de notre production<\/li><li>Fromages de notre production<\/li><li>Mahkouka aux dattes et fruits secs<\/li><li>Oeuf Dur&nbsp;<\/li><li>Beurre et confiture&nbsp;<\/li><\/ul>\nNote: Le menu, servi jusqu&rsquo;a 11h30, varie au rythme des saisons et selon la disponibilit\u00e9 de nos produits.\n\n\n\n\n\n\n\n<p>Lorem Ipsum has been the industry&rsquo;s standard dummy text ever since the 1500s.<\/p>\n\n\n\n\n<p>Lorem Ipsum has been the industry&rsquo;s standard dummy text ever since the 1500s.<\/p>\n\n<u><strong>Menu d\u00e9couverte<\/strong><\/u>\n<p style=\"text-align: justify;\"><font size=\"15\"><b><\/b><\/font><\/p><ul><li><span style=\"text-align: justify;\">Entr\u00e9es et Salades&nbsp;<\/span><\/li><li><span style=\"text-align: justify;\">Pain de compagne maison<\/span><\/li><li>Ricotta, Huile d&rsquo;olive, Harissa<\/li><li>Fromages de notre production&nbsp;&nbsp;<\/li><li>Ftet d&rsquo;agneau au romarin<\/li><li>Berzguene de B\u00e9ja<\/li><li>Yaghourt et Th\u00e9<\/li><li>Fruits de saison<\/li><\/ul>\nNote: Le menu, servi \u00e0 partir de midi, tous les jours, varie au rythme des saisons et selon la disponibilit\u00e9 de nos produits.\n\n\n\n\n\n\n\n<p>Lorem Ipsum has been the industry&rsquo;s standard dummy text ever since the 1500s.<\/p>\n\n\n\n\n<p>Lorem Ipsum has been the industry&rsquo;s standard dummy text ever since the 1500s.<\/p>\n\n<h2>Avec notre formule journ\u00e9e compl\u00e8te, combinez un petit\u2011d\u00e9j gourmand, avec notre d\u00e9jeuner authentique.&nbsp;<\/h2>\n<h3>Profitez pleinement de toutes les exp\u00e9riences qu\u2019offre notre domaine: visite de la fromagerie pour d\u00e9couvrir le savoir\u2011faire autour de nos fromages artisanaux, balades \u00e0 cheval, exploration de nos oliveraies et d\u00e9couverte de notre huile avec le maitre des lieux. Tout inclus.&nbsp;<\/h3>\n<h2>Une journ\u00e9e enti\u00e8re pour go\u00fbter, explorer et vivre l\u2019\u00e2me de Borj Lella.<\/h2>\nNote: Le menu et les activit\u00e9s varient au rythme des saisons et selon la disponibilit\u00e9 de nos produits frais, afin de vous offrir une exp\u00e9rience authentique et toujours renouvel\u00e9e.\n\n\n\n\n\n\n\n\n\n\n<h2>Nos Fromages<\/h2>\n\n<h1><p style=\"color: rgb(0, 0, 0); font-weight: 400; font-family: &quot;Segoe UI&quot;; font-size: 14px; line-height: 20px;\">Fromages et Produits Laitiers<\/p><\/h1>\n<h2><div style=\"color: rgb(0, 0, 0); font-weight: 400; font-family: &quot;Segoe UI&quot;; font-size: 14px; line-height: 20px;\"><p>Chez <strong>Borj Lella<\/strong>, chaque fromage est fabriqu\u00e9 artisanalement \u00e0 partir de meilleurs laits frais, issu de nos paturages voisins. Notre savoir\u2011faire traditionnel et notre fabrication artisanale donnent naissance \u00e0 des produits uniques, naturels et riches en caract\u00e8re.<\/p><\/div><\/h2>\n<h2><p style=\"color: rgb(0, 0, 0); font-weight: 400; font-family: &quot;Segoe UI&quot;; font-size: 14px; line-height: 20px;\"><\/p><p>Ces produits sont disponibles dans nos points de vente Borj Lella \u00e0 Beja, \u00e0 la table d&rsquo;hote Borj Lella (Adresses en bas de la page), et chez nos revendeurs sur toute la Tunisie. Pour plus de d\u00e9tails, n&rsquo;h\u00e9sitez pas \u00e0 nous contacter.&nbsp; &nbsp; &nbsp;<\/p><\/h2>\n\n\n\n\n\n\n\n\n\n\n\n\n\n\n\n\n\n\n\n\n\nProduits Frais &amp; Laitiers\n<p style=\"color: rgb(0, 0, 0); letter-spacing: normal; text-transform: none; text-decoration-style: initial; font-family: &quot;Segoe UI&quot;; font-size: 14px; line-height: 20px;\">L\u00e9gers, d\u00e9licats et d\u2019une fra\u00eecheur incomparable, nos fromages frais sont fabriqu\u00e9s chaque jour sur place.<\/p>\n<p style=\"font-family: &quot;Segoe UI&quot;; font-size: 14px; line-height: 20px;\"><p style=\"color: rgb(0, 0, 0); font-family: &quot;Segoe UI&quot;; font-size: 14px; letter-spacing: normal; text-transform: none; text-decoration-style: initial;\">Id\u00e9als pour : les petits-d\u00e9jeuners, les salades, les tartines et les amateurs de&nbsp;<span style=\"color: rgb(0, 0, 0); letter-spacing: normal; text-decoration-style: initial;\">d\u00e9gustations g\u00e9n\u00e9reuses \u00e0 table<\/span>.<\/p><\/p>\n<p style=\"text-decoration-style: initial; line-height: 20px;\">Exemples: Rigouta, yaourt, Sicilien (Nature ou parfum\u00e9), Sardaigne (Cuit).&nbsp;<\/p>\n\n\n\n\n\n\n\n\n\n\n\n\n\n\n\n\n\nFromages Press\u00e9s &amp; Affin\u00e9s\n<p style=\"color: rgb(0, 0, 0); letter-spacing: normal; text-transform: none; text-decoration-style: initial; font-family: &quot;Segoe UI&quot;; font-size: 14px; line-height: 20px;\"><p style=\"font-family: &quot;Segoe UI&quot;; font-size: 14px; line-height: 20px;\"><p style=\"color: rgb(0, 0, 0); font-family: &quot;Segoe UI&quot;; font-size: 14px; letter-spacing: normal; text-transform: none; text-decoration-style: initial;\">Patience, ma\u00eetrise et terroir\u2026 Nos fromages affin\u00e9s r\u00e9v\u00e8lent toute la richesse aromatique de B\u00e9ja et de ses paturages. Leur texture devient plus ferme, leur go\u00fbt plus intense.<\/p><\/p><\/p>\n<p style=\"color: rgb(0, 0, 0); letter-spacing: normal; text-transform: none; text-decoration-style: initial; font-family: &quot;Segoe UI&quot;; font-size: 14px; line-height: 20px;\"><p style=\"font-family: &quot;Segoe UI&quot;; font-size: 14px; line-height: 20px;\"><p style=\"color: rgb(0, 0, 0); font-family: &quot;Segoe UI&quot;; font-size: 14px; letter-spacing: normal; text-transform: none; text-decoration-style: initial;\">Id\u00e9als pour : les plateaux de fromages, les d\u00e9gustations gourmandes et les amateurs de produits de caract\u00e8re.<\/p><\/p><\/p>\n<p style=\"color: rgb(0, 0, 0); letter-spacing: normal; text-transform: none; text-decoration-style: initial; font-family: &quot;Segoe UI&quot;; font-size: 14px; line-height: 20px;\"><\/p><p style=\"font-family: &quot;Segoe UI&quot;; font-size: 14px; line-height: 20px;\"><\/p><p style=\"text-decoration-style: initial; line-height: 20px;\">Exemples&nbsp;: Hamouda, Safsaf, Bouhzem.&nbsp;<\/p><p><\/p><p><\/p>\n\n\n\n\n\n\n\n\n\n\n\n\n\n\n\n\n\nFromages Fil\u00e9s &amp; Rap\u00e9s\n<p style=\"color: rgb(0, 0, 0); letter-spacing: normal; text-transform: none; text-decoration-style: initial; font-family: &quot;Segoe UI&quot;; font-size: 14px; line-height: 20px;\">Souples, fondants et faciles \u00e0 cuisiner, Mozzarella et fromages rap\u00e9s apportent une texture g\u00e9n\u00e9reuse et une saveur riche \u00e0 toutes vos pr\u00e9parations chaudes.<\/p>\n<p style=\"text-decoration-style: initial; line-height: 20px;\">Id\u00e9als pour :&nbsp;les p\u00e2tes, pizzas et lasagnes, les gratins et plats au four, les sandwichs et recettes fondantes.&nbsp;<br><\/p>\n\n\n\n\n\n\n\n\n\n\n\n\n\n\n\n\n\n\n\n\n\n\n\n\n\n\n\n\n\n\n\n\n<h2>Vos Evenements<\/h2>\n\n\n<h1><p style=\"color: rgb(0, 0, 0); font-weight: 400; font-family: &quot;Segoe UI&quot;; font-size: 14px; line-height: 20px;\">Evenementiel<\/p><\/h1>\n\n<h2><p style=\"color: rgb(0, 0, 0); font-weight: 400; font-family: &quot;Segoe UI&quot;; font-size: 14px; line-height: 20px;\">Notre espace peut \u00e9galement \u00eatre <strong>privatis\u00e9<\/strong> pour vos \u00e9v\u00e9nements, s\u00e9minaires, rencontres professionnelles ou f\u00eates familiales. Contactez nous pour plus de d\u00e9tails.<\/p><\/h2>\n\n\n\n\n\n\n\n<h2>Ce que nos clients disent de nous<\/h2>\n\n\n\n\n\n\n\n<br>\n\n\n\n<h2><span style=\"color: rgb(31, 31, 31); font-family: &quot;Google Sans&quot;, Roboto, Arial, sans-serif; font-size: 14px; font-weight: 400; letter-spacing: 0.1px; white-space-collapse: preserve; background-color: rgb(255, 255, 255);\">Excellent restaurant. Cadre magnifique o\u00f9 on peut manger \u00e0 l&rsquo;ext\u00e9rieur \u00e0 l&rsquo;ombre des arbres. Menu unique avec entr\u00e9e fromages faits sur place et salade, puis plat \u00e0 base d&rsquo;agneau cuisson parfaite, semoule aux fruits secs beurre et sucre. <\/span><\/h2>\n\n\n\n\n\n<br>\n\n\n<h2><span style=\"color: rgb(31, 31, 31); font-family: &quot;Google Sans&quot;, Roboto, Arial, sans-serif; font-size: 14px; font-weight: 400; letter-spacing: 0.1px; white-space-collapse: preserve; background-color: rgb(255, 255, 255);\">Merveilleux restaurant dans une ferme. Service gentil, rapide et efficace.<br>Cuisine traditionnelle, un seul menu sublime de simplicit\u00e9 et de saveur.<\/span><\/h2>\n\n\n\n\n<br>\n\n\n\n<h2><span style=\"color: rgb(31, 31, 31); font-family: &quot;Google Sans&quot;, Roboto, Arial, sans-serif; font-size: 14px; font-weight: 400; letter-spacing: 0.1px; white-space-collapse: preserve; background-color: rgb(255, 255, 255);\">Une tr\u00e8s belle d\u00e9couverte ! <img decoding=\"async\" draggable=\"true\" role=\"img\" class=\"emoji\" src=\"https:\/\/s.w.org\/images\/core\/emoji\/17.0.2\/svg\/1f33f.svg\" alt=\"\ud83c\udf3f\"> Ce restaurant propose des plats typiques de la r\u00e9gion, pr\u00e9par\u00e9s avec soin et un go\u00fbt authentique. Les saveurs sont riches, les portions g\u00e9n\u00e9reuses et l\u2019accueil chaleureux. On ressent vraiment l\u2019amour du terroir dans chaque assiette. Je recommande vivement.<\/span><\/h2>\n\n\n\n\n\n\n<p>Lorem Ipsum has been the industry&rsquo;s standard dummy text ever since the 1500s.<\/p>\n\n\n\n<h2>Paroles du ma\u00eetre des lieux<\/h2>\n\n<h3>Terre de mes anc\u00eatres<\/h3>\n<h2><p style=\"color: rgb(0, 0, 0); font-weight: 400; font-family: &quot;Segoe UI&quot;; font-size: 14px; line-height: 20px;\"><p>Depuis des g\u00e9n\u00e9rations, notre famille met tout son savoir-faire au service de produits authentiques, n\u00e9s au c\u0153ur des collines de B\u00e9ja. Ici, chaque \u00e9tape \u2014 de l\u2019\u00e9levage de nos brebis sicilo-sardes \u00e0 l\u2019affinage minutieux de nos cr\u00e9ations, en passant par notre cuisine et notre huile d&rsquo;olive \u2014 est port\u00e9e par la passion du savoir-faire, et le respect du terroir et de la terre.<\/p><\/p><\/h2>\n\n<h2><p style=\"color: rgb(0, 0, 0); font-weight: 400; font-family: &quot;Segoe UI&quot;; font-size: 14px; line-height: 20px;\"><p>Nous croyons profond\u00e9ment que les produits d\u2019exception naissent de la rencontre entre tradition et innovation. C\u2019est pourquoi nous perp\u00e9tuons des m\u00e9thodes artisanales h\u00e9rit\u00e9es de nos anc\u00eatres, tout en int\u00e9grant des techniques modernes qui subliment la qualit\u00e9 de nos produits.<\/p><\/p><\/h2>\n\n<h2><p style=\"color: rgb(0, 0, 0); font-weight: 400; font-family: &quot;Segoe UI&quot;; font-size: 14px; line-height: 20px;\"><\/p><p>\u00c0 Borj Lella, nous perp\u00e9tuons une histoire\u202f: celle d\u2019une terre g\u00e9n\u00e9reuse, d\u2019un h\u00e9ritage familial pr\u00e9serv\u00e9 et d\u2019un engagement quotidien pour l\u2019excellence.<\/p><\/h2>\n\n<h2><p style=\"color: rgb(0, 0, 0); font-weight: 400; font-family: &quot;Segoe UI&quot;; font-size: 14px; line-height: 20px;\"><\/p><p><strong>Z. Ben Youssef<\/strong><\/p><\/h2>\n\n<p style=\"font-size: small;\">&nbsp;<\/p>\n\n\n\n<p>Lorem Ipsum has been the industry&rsquo;s standard dummy text ever since the 1500s.<\/p>\n\n\n\n\n\n\n\n\nPour vos Reservations ou Informations \u2192\n\n\n\n\n\n\n\n\n","protected":false},"excerpt":{"rendered":"","protected":false},"author":1,"featured_media":0,"parent":0,"menu_order":0,"comment_status":"closed","ping_status":"closed","template":"","meta":{"pagelayer_contact_templates":[],"_pagelayer_content":"","footnotes":""},"class_list":["post-32","page","type-page","status-publish","hentry"],"_links":{"self":[{"href":"https:\/\/borjlella.com\/TN\/wp-json\/wp\/v2\/pages\/32","targetHints":{"allow":["GET"]}}],"collection":[{"href":"https:\/\/borjlella.com\/TN\/wp-json\/wp\/v2\/pages"}],"about":[{"href":"https:\/\/borjlella.com\/TN\/wp-json\/wp\/v2\/types\/page"}],"author":[{"embeddable":true,"href":"https:\/\/borjlella.com\/TN\/wp-json\/wp\/v2\/users\/1"}],"replies":[{"embeddable":true,"href":"https:\/\/borjlella.com\/TN\/wp-json\/wp\/v2\/comments?post=32"}],"version-history":[{"count":242,"href":"https:\/\/borjlella.com\/TN\/wp-json\/wp\/v2\/pages\/32\/revisions"}],"predecessor-version":[{"id":647,"href":"https:\/\/borjlella.com\/TN\/wp-json\/wp\/v2\/pages\/32\/revisions\/647"}],"wp:attachment":[{"href":"https:\/\/borjlella.com\/TN\/wp-json\/wp\/v2\/media?parent=32"}],"curies":[{"name":"wp","href":"https:\/\/api.w.org\/{rel}","templated":true}]}}