{"id":34,"date":"2025-12-25T19:28:36","date_gmt":"2025-12-25T19:28:36","guid":{"rendered":"https:\/\/borjlella.com\/TN\/services\/"},"modified":"2025-12-26T20:52:14","modified_gmt":"2025-12-26T20:52:14","slug":"services","status":"publish","type":"page","link":"https:\/\/borjlella.com\/TN\/services\/","title":{"rendered":"Services"},"content":{"rendered":"\n\n\n\n<h1>Notre valeur ajout\u00e9e<\/h1>\n<h2>Nous combinons tradition et innovation pour cr\u00e9er des fromages uniques.<\/h2>\n\n\n\n\n\n\n\n\n<h2>Nos Services<\/h2>\n\n\n\n\n\n\n<span style=\"color:#000000\">Nos fromages sont pr\u00e9par\u00e9s sur place avec du lait de brebis sicilo-sardes, offrant une qualit\u00e9 sans pareille et des saveurs authentiques.<\/span>\n\n\n\n\n<span style=\"color:#000000\">Savourez des plats faits maison pr\u00e9par\u00e9s avec des ingr\u00e9dients locaux pour une exp\u00e9rience culinaire inoubliable.<\/span>\n\n\n\n\n<span style=\"color:#000000\">D\u00e9couvrez notre \u00e9levage de brebis et apprenez-en davantage sur notre processus de fabrication du fromage.\n<\/span>\n\n\n\n\n\n\n<span style=\"color:#000000\">Nous organisons r\u00e9guli\u00e8rement des \u00e9v\u00e9nements gastronomiques pour mettre en avant nos produits et la culture locale.\n<\/span>\n\n\n\n\n<span style=\"color:#000000\">Achetez nos fromages et autres produits du terroir directement chez nous.\n\n<\/span>\n\n\n\n\n<span style=\"color:#000000\">Participez \u00e0 nos ateliers de fabrication de fromage pour vivre une exp\u00e9rience enrichissante et interactive.\n<\/span>\n\n\n\n\n\n\n\n\n\n\n\n\n\n\n\n\n<p>Our Recent Works<\/p>\n\n\n\n\n\n\n\n\n\n\n\n\n\n<p>Our Portfolio<\/p>\n\n\n\n\n\n\n\n\n\n\n\n\n\n\n\n\n\n\n\n\n\n\n\n\n\n\n\n\n\n\n\n\n\n\n\n\n\n\n\n\n\n\n\n\n\n\n\n\n\n\n\n\n\n\n\n\n\n\n\n\n\n\n\n\n\n\n\n\n\n\n\n\n\n\n\n\n\n\n\n\n\n\n\n\n\n\n\n\n\n\n\n\n\n\n\n\n\n\n\n\n\n\n\n\n\n\n\n\n\n\n\n\n\n\n\n\n\n\n\n\n\n\n\n\n\n\n\n\n\n\n\n\n\n\n\n\n","protected":false},"excerpt":{"rendered":"","protected":false},"author":1,"featured_media":0,"parent":0,"menu_order":0,"comment_status":"closed","ping_status":"closed","template":"","meta":{"pagelayer_contact_templates":[],"_pagelayer_content":"","footnotes":""},"class_list":["post-34","page","type-page","status-publish","hentry"],"_links":{"self":[{"href":"https:\/\/borjlella.com\/TN\/wp-json\/wp\/v2\/pages\/34","targetHints":{"allow":["GET"]}}],"collection":[{"href":"https:\/\/borjlella.com\/TN\/wp-json\/wp\/v2\/pages"}],"about":[{"href":"https:\/\/borjlella.com\/TN\/wp-json\/wp\/v2\/types\/page"}],"author":[{"embeddable":true,"href":"https:\/\/borjlella.com\/TN\/wp-json\/wp\/v2\/users\/1"}],"replies":[{"embeddable":true,"href":"https:\/\/borjlella.com\/TN\/wp-json\/wp\/v2\/comments?post=34"}],"version-history":[{"count":1,"href":"https:\/\/borjlella.com\/TN\/wp-json\/wp\/v2\/pages\/34\/revisions"}],"predecessor-version":[{"id":148,"href":"https:\/\/borjlella.com\/TN\/wp-json\/wp\/v2\/pages\/34\/revisions\/148"}],"wp:attachment":[{"href":"https:\/\/borjlella.com\/TN\/wp-json\/wp\/v2\/media?parent=34"}],"curies":[{"name":"wp","href":"https:\/\/api.w.org\/{rel}","templated":true}]}}